{"id":2341,"date":"2023-12-11T08:08:14","date_gmt":"2023-12-11T08:08:14","guid":{"rendered":"https:\/\/designingmedia.com\/redlight\/?page_id=11"},"modified":"2026-04-20T08:49:37","modified_gmt":"2026-04-20T08:49:37","slug":"home","status":"publish","type":"page","link":"https:\/\/artialti.com.tr\/","title":{"rendered":"Home"},"content":{"rendered":"\t\t<div data-elementor-type=\"wp-page\" data-elementor-id=\"2341\" class=\"elementor elementor-2341\">\n\t\t\t\t<div class=\"elementor-element elementor-element-12c88b2 e-flex e-con-boxed e-con e-parent\" data-id=\"12c88b2\" data-element_type=\"container\" data-e-type=\"container\" data-settings=\"{&quot;background_background&quot;:&quot;classic&quot;}\">\n\t\t\t\t\t<div class=\"e-con-inner\">\n\t\t<div class=\"elementor-element elementor-element-67e1638 e-flex e-con-boxed e-con e-child\" data-id=\"67e1638\" data-element_type=\"container\" data-e-type=\"container\">\n\t\t\t\t\t<div class=\"e-con-inner\">\n\t\t<div class=\"elementor-element elementor-element-0033d9a e-con-full e-flex e-con e-child\" data-id=\"0033d9a\" data-element_type=\"container\" data-e-type=\"container\">\n\t\t\t\t<div class=\"elementor-element elementor-element-0f92404 elementor-widget elementor-widget-heading\" data-id=\"0f92404\" data-element_type=\"widget\" data-e-type=\"widget\" data-widget_type=\"heading.default\">\n\t\t\t\t\t<h5 class=\"elementor-heading-title elementor-size-default\">G\u00fcvenlik \u00c7\u00f6z\u00fcmleri<\/h5>\t\t\t\t<\/div>\n\t\t\t\t<div class=\"elementor-element elementor-element-d3f7051 elementor-widget elementor-widget-heading\" data-id=\"d3f7051\" data-element_type=\"widget\" data-e-type=\"widget\" data-widget_type=\"heading.default\">\n\t\t\t\t\t<h1 class=\"elementor-heading-title elementor-size-default\">Kritik Tesisler i\u00e7in<\/h1>\t\t\t\t<\/div>\n\t\t\t\t<div class=\"elementor-element elementor-element-bd3c6a3 elementor-widget elementor-widget-text-editor\" data-id=\"bd3c6a3\" data-element_type=\"widget\" data-e-type=\"widget\" data-widget_type=\"text-editor.default\">\n\t\t\t\t\t\t\t\t\tLorem ipsum dolor sit amet consectetur adipiscing elit sed do eiusm tempor incididunt ut labore et dolore magna aliqua.\t\t\t\t\t\t\t\t<\/div>\n\t\t<div class=\"elementor-element elementor-element-b402700 e-flex e-con-boxed e-con e-child\" data-id=\"b402700\" data-element_type=\"container\" data-e-type=\"container\">\n\t\t\t\t\t<div class=\"e-con-inner\">\n\t\t\t\t<div class=\"elementor-element elementor-element-f14923c elementor-widget__width-auto elementor-widget elementor-widget-button\" data-id=\"f14923c\" data-element_type=\"widget\" data-e-type=\"widget\" data-widget_type=\"button.default\">\n\t\t\t\t\t\t\t\t\t\t<a class=\"elementor-button elementor-size-sm elementor-animation-float\" role=\"button\">\n\t\t\t\t\t\t<span class=\"elementor-button-content-wrapper\">\n\t\t\t\t\t\t\t\t\t<span class=\"elementor-button-text\">Hizmetlerimiz<\/span>\n\t\t\t\t\t<\/span>\n\t\t\t\t\t<\/a>\n\t\t\t\t\t\t\t\t<\/div>\n\t\t\t\t<div class=\"elementor-element elementor-element-c8524a0 elementor-widget__width-initial video-button-icon elementor-widget elementor-widget-video\" data-id=\"c8524a0\" data-element_type=\"widget\" data-e-type=\"widget\" data-settings=\"{&quot;youtube_url&quot;:&quot;https:\\\/\\\/www.youtube.com\\\/watch?v=XHOmBV4js_E&quot;,&quot;show_image_overlay&quot;:&quot;yes&quot;,&quot;image_overlay&quot;:{&quot;url&quot;:&quot;https:\\\/\\\/designingmedia.com\\\/redlight\\\/wp-content\\\/uploads\\\/2023\\\/12\\\/play-icon.png&quot;,&quot;id&quot;:87,&quot;size&quot;:&quot;&quot;,&quot;alt&quot;:&quot;&quot;,&quot;source&quot;:&quot;library&quot;},&quot;lightbox&quot;:&quot;yes&quot;,&quot;video_type&quot;:&quot;youtube&quot;,&quot;controls&quot;:&quot;yes&quot;}\" data-widget_type=\"video.default\">\n\t\t\t\t\t\t\t<div class=\"elementor-wrapper elementor-open-lightbox\">\n\t\t\t\t\t\t\t<div class=\"elementor-custom-embed-image-overlay\" data-elementor-open-lightbox=\"yes\" data-elementor-lightbox=\"{&quot;type&quot;:&quot;video&quot;,&quot;videoType&quot;:&quot;youtube&quot;,&quot;url&quot;:&quot;https:\\\/\\\/www.youtube.com\\\/embed\\\/XHOmBV4js_E?feature=oembed&amp;start&amp;end&amp;wmode=opaque&amp;loop=0&amp;controls=1&amp;mute=0&amp;rel=0&amp;cc_load_policy=0&quot;,&quot;autoplay&quot;:&quot;&quot;,&quot;modalOptions&quot;:{&quot;id&quot;:&quot;elementor-lightbox-c8524a0&quot;,&quot;entranceAnimation&quot;:&quot;&quot;,&quot;entranceAnimation_tablet&quot;:&quot;&quot;,&quot;entranceAnimation_mobile&quot;:&quot;&quot;,&quot;videoAspectRatio&quot;:&quot;169&quot;}}\" data-e-action-hash=\"#elementor-action%3Aaction%3Dlightbox%26settings%3DeyJ0eXBlIjoidmlkZW8iLCJ2aWRlb1R5cGUiOiJ5b3V0dWJlIiwidXJsIjoiaHR0cHM6XC9cL3d3dy55b3V0dWJlLmNvbVwvZW1iZWRcL1hIT21CVjRqc19FP2ZlYXR1cmU9b2VtYmVkJnN0YXJ0JmVuZCZ3bW9kZT1vcGFxdWUmbG9vcD0wJmNvbnRyb2xzPTEmbXV0ZT0wJnJlbD0wJmNjX2xvYWRfcG9saWN5PTAiLCJhdXRvcGxheSI6IiIsIm1vZGFsT3B0aW9ucyI6eyJpZCI6ImVsZW1lbnRvci1saWdodGJveC1jODUyNGEwIiwiZW50cmFuY2VBbmltYXRpb24iOiIiLCJlbnRyYW5jZUFuaW1hdGlvbl90YWJsZXQiOiIiLCJlbnRyYW5jZUFuaW1hdGlvbl9tb2JpbGUiOiIiLCJ2aWRlb0FzcGVjdFJhdGlvIjoiMTY5In19\">\n\t\t\t\t\t\t\t\t\t\t\t<img decoding=\"async\" width=\"17\" height=\"19\" src=\"https:\/\/artialti.com.tr\/wp-content\/uploads\/2023\/12\/play-icon.png\" class=\"attachment-full size-full wp-image-87\" alt=\"\" \/>\t\t\t\t\t\t\t\t\t\t\t\t\t\t<\/div>\n\t\t\t\t\t<\/div>\n\t\t\t\t\t\t<\/div>\n\t\t\t\t\t<\/div>\n\t\t\t\t<\/div>\n\t\t<div class=\"elementor-element elementor-element-e4d1427 e-con-full e-flex e-con e-child\" data-id=\"e4d1427\" data-element_type=\"container\" data-e-type=\"container\">\n\t\t\t\t<div class=\"elementor-element elementor-element-0d52985 elementor-widget__width-initial elementor-widget-divider--view-line elementor-widget elementor-widget-divider\" data-id=\"0d52985\" data-element_type=\"widget\" data-e-type=\"widget\" data-widget_type=\"divider.default\">\n\t\t\t\t\t\t\t<div class=\"elementor-divider\">\n\t\t\t<span class=\"elementor-divider-separator\">\n\t\t\t\t\t\t<\/span>\n\t\t<\/div>\n\t\t\t\t\t\t<\/div>\n\t\t\t\t<div class=\"elementor-element elementor-element-0c64dce elementor-widget__width-auto elementor-shape-rounded elementor-grid-0 e-grid-align-center elementor-widget elementor-widget-social-icons\" data-id=\"0c64dce\" data-element_type=\"widget\" data-e-type=\"widget\" data-widget_type=\"social-icons.default\">\n\t\t\t\t\t\t\t<div class=\"elementor-social-icons-wrapper elementor-grid\" role=\"list\">\n\t\t\t\t\t\t\t<span class=\"elementor-grid-item\" role=\"listitem\">\n\t\t\t\t\t<a class=\"elementor-icon elementor-social-icon elementor-social-icon-facebook-f elementor-repeater-item-594344b\" target=\"_blank\">\n\t\t\t\t\t\t<span class=\"elementor-screen-only\">Facebook-f<\/span>\n\t\t\t\t\t\t<svg aria-hidden=\"true\" class=\"e-font-icon-svg e-fab-facebook-f\" viewBox=\"0 0 320 512\" xmlns=\"http:\/\/www.w3.org\/2000\/svg\"><path d=\"M279.14 288l14.22-92.66h-88.91v-60.13c0-25.35 12.42-50.06 52.24-50.06h40.42V6.26S260.43 0 225.36 0c-73.22 0-121.08 44.38-121.08 124.72v70.62H22.89V288h81.39v224h100.17V288z\"><\/path><\/svg>\t\t\t\t\t<\/a>\n\t\t\t\t<\/span>\n\t\t\t\t\t\t\t<span class=\"elementor-grid-item\" role=\"listitem\">\n\t\t\t\t\t<a class=\"elementor-icon elementor-social-icon elementor-social-icon-twitter elementor-repeater-item-551c3a0\" target=\"_blank\">\n\t\t\t\t\t\t<span class=\"elementor-screen-only\">Twitter<\/span>\n\t\t\t\t\t\t<svg aria-hidden=\"true\" class=\"e-font-icon-svg e-fab-twitter\" viewBox=\"0 0 512 512\" xmlns=\"http:\/\/www.w3.org\/2000\/svg\"><path d=\"M459.37 151.716c.325 4.548.325 9.097.325 13.645 0 138.72-105.583 298.558-298.558 298.558-59.452 0-114.68-17.219-161.137-47.106 8.447.974 16.568 1.299 25.34 1.299 49.055 0 94.213-16.568 130.274-44.832-46.132-.975-84.792-31.188-98.112-72.772 6.498.974 12.995 1.624 19.818 1.624 9.421 0 18.843-1.3 27.614-3.573-48.081-9.747-84.143-51.98-84.143-102.985v-1.299c13.969 7.797 30.214 12.67 47.431 13.319-28.264-18.843-46.781-51.005-46.781-87.391 0-19.492 5.197-37.36 14.294-52.954 51.655 63.675 129.3 105.258 216.365 109.807-1.624-7.797-2.599-15.918-2.599-24.04 0-57.828 46.782-104.934 104.934-104.934 30.213 0 57.502 12.67 76.67 33.137 23.715-4.548 46.456-13.32 66.599-25.34-7.798 24.366-24.366 44.833-46.132 57.827 21.117-2.273 41.584-8.122 60.426-16.243-14.292 20.791-32.161 39.308-52.628 54.253z\"><\/path><\/svg>\t\t\t\t\t<\/a>\n\t\t\t\t<\/span>\n\t\t\t\t\t\t\t<span class=\"elementor-grid-item\" role=\"listitem\">\n\t\t\t\t\t<a class=\"elementor-icon elementor-social-icon elementor-social-icon-linkedin-in elementor-repeater-item-a3a1a15\" target=\"_blank\">\n\t\t\t\t\t\t<span class=\"elementor-screen-only\">Linkedin-in<\/span>\n\t\t\t\t\t\t<svg aria-hidden=\"true\" class=\"e-font-icon-svg e-fab-linkedin-in\" viewBox=\"0 0 448 512\" xmlns=\"http:\/\/www.w3.org\/2000\/svg\"><path d=\"M100.28 448H7.4V148.9h92.88zM53.79 108.1C24.09 108.1 0 83.5 0 53.8a53.79 53.79 0 0 1 107.58 0c0 29.7-24.1 54.3-53.79 54.3zM447.9 448h-92.68V302.4c0-34.7-.7-79.2-48.29-79.2-48.29 0-55.69 37.7-55.69 76.7V448h-92.78V148.9h89.08v40.8h1.3c12.4-23.5 42.69-48.3 87.88-48.3 94 0 111.28 61.9 111.28 142.3V448z\"><\/path><\/svg>\t\t\t\t\t<\/a>\n\t\t\t\t<\/span>\n\t\t\t\t\t\t\t<span class=\"elementor-grid-item\" role=\"listitem\">\n\t\t\t\t\t<a class=\"elementor-icon elementor-social-icon elementor-social-icon-pinterest-p elementor-repeater-item-703ff77\" target=\"_blank\">\n\t\t\t\t\t\t<span class=\"elementor-screen-only\">Pinterest-p<\/span>\n\t\t\t\t\t\t<svg aria-hidden=\"true\" class=\"e-font-icon-svg e-fab-pinterest-p\" viewBox=\"0 0 384 512\" xmlns=\"http:\/\/www.w3.org\/2000\/svg\"><path d=\"M204 6.5C101.4 6.5 0 74.9 0 185.6 0 256 39.6 296 63.6 296c9.9 0 15.6-27.6 15.6-35.4 0-9.3-23.7-29.1-23.7-67.8 0-80.4 61.2-137.4 140.4-137.4 68.1 0 118.5 38.7 118.5 109.8 0 53.1-21.3 152.7-90.3 152.7-24.9 0-46.2-18-46.2-43.8 0-37.8 26.4-74.4 26.4-113.4 0-66.2-93.9-54.2-93.9 25.8 0 16.8 2.1 35.4 9.6 50.7-13.8 59.4-42 147.9-42 209.1 0 18.9 2.7 37.5 4.5 56.4 3.4 3.8 1.7 3.4 6.9 1.5 50.4-69 48.6-82.5 71.4-172.8 12.3 23.4 44.1 36 69.3 36 106.2 0 153.9-103.5 153.9-196.8C384 71.3 298.2 6.5 204 6.5z\"><\/path><\/svg>\t\t\t\t\t<\/a>\n\t\t\t\t<\/span>\n\t\t\t\t\t<\/div>\n\t\t\t\t\t\t<\/div>\n\t\t\t\t<\/div>\n\t\t\t\t<\/div>\n\t\t<div class=\"elementor-element elementor-element-7b33e75 e-con-full e-flex e-con e-child\" data-id=\"7b33e75\" data-element_type=\"container\" data-e-type=\"container\">\n\t\t\t\t<div class=\"elementor-element elementor-element-e1cadbf elementor-widget elementor-widget-image\" data-id=\"e1cadbf\" data-element_type=\"widget\" data-e-type=\"widget\" data-widget_type=\"image.default\">\n\t\t\t\t\t\t\t\t\t\t\t\t\t\t\t<img fetchpriority=\"high\" decoding=\"async\" width=\"543\" height=\"598\" src=\"https:\/\/artialti.com.tr\/wp-content\/uploads\/2023\/12\/banner-img.png\" class=\"attachment-full size-full wp-image-73\" alt=\"\" srcset=\"https:\/\/artialti.com.tr\/wp-content\/uploads\/2023\/12\/banner-img.png 543w, https:\/\/artialti.com.tr\/wp-content\/uploads\/2023\/12\/banner-img-272x300.png 272w\" sizes=\"(max-width: 543px) 100vw, 543px\" \/>\t\t\t\t\t\t\t\t\t\t\t\t\t\t\t<\/div>\n\t\t\t\t<\/div>\n\t\t\t\t\t<\/div>\n\t\t\t\t<\/div>\n\t\t<div class=\"elementor-element elementor-element-14a88ca e-flex e-con-boxed e-con e-child\" data-id=\"14a88ca\" data-element_type=\"container\" data-e-type=\"container\">\n\t\t\t\t\t<div class=\"e-con-inner\">\n\t\t\t\t<div class=\"elementor-element elementor-element-8e01f58 elementor-widget elementor-widget-cpt\" data-id=\"8e01f58\" data-element_type=\"widget\" data-e-type=\"widget\" data-widget_type=\"cpt.default\">\n\t\t\t\t<div class=\"elementor-widget-container\">\n\t\t\t\t\t<div class=\"cards-section\"><div class=\"row\">                <div class=\"col-lg-4 col-md-4 col-sm-12 mb-md-0 mb-4 text-md-left text-center\">\r\n                    <a href=\"https:\/\/artialti.com.tr\/case_study\/virtual-events\/\"\r\n                                        class=\"text-decoration-none \">\r\n                        <div class=\"cards-outer outer-card1\" data-aos=\"fade-up\">\r\n                            <h6 class=\"heading-background\">VIRTUAL EVENTS<\/h6>\r\n                            <p class=\"card-heading-p vertical-bar-line\">Cum sociis natoque penatibus et magnisd is parturient montes nasc.<\/p>\r\n                            <p class=\"date-p\">December 18, 2023<\/p>\r\n                        <\/div>\r\n                    <\/a>\r\n                <\/div>\r\n                                <div class=\"col-lg-4 col-md-4 col-sm-12 mb-md-0 mb-4 text-md-left text-center\">\r\n                    <a href=\"https:\/\/artialti.com.tr\/case_study\/new-report\/\"\r\n                                        class=\"text-decoration-none \">\r\n                        <div class=\"cards-outer outer-card1\" data-aos=\"fade-up\">\r\n                            <h6 class=\"heading-background\">NEW REPORT<\/h6>\r\n                            <p class=\"card-heading-p vertical-bar-line\">Cum sociis natoque penatibus et magnisd is parturient montes nasc.<\/p>\r\n                            <p class=\"date-p\">December 18, 2023<\/p>\r\n                        <\/div>\r\n                    <\/a>\r\n                <\/div>\r\n                                <div class=\"col-lg-4 col-md-4 col-sm-12 mb-md-0 mb-4 text-md-left text-center\">\r\n                    <a href=\"https:\/\/artialti.com.tr\/case_study\/expert-panel\/\"\r\n                                        class=\"text-decoration-none \">\r\n                        <div class=\"cards-outer outer-card1\" data-aos=\"fade-up\">\r\n                            <h6 class=\"heading-background\">EXPERT PANEL<\/h6>\r\n                            <p class=\"card-heading-p vertical-bar-line\">Cum sociis natoque penatibus et magnisd is parturient montes nasc.<\/p>\r\n                            <p class=\"date-p\">December 18, 2023<\/p>\r\n                        <\/div>\r\n                    <\/a>\r\n                <\/div>\r\n                <\/div><\/div>        \t\t\t\t<\/div>\n\t\t\t\t<\/div>\n\t\t\t\t\t<\/div>\n\t\t\t\t<\/div>\n\t\t\t\t\t<\/div>\n\t\t\t\t<\/div>\n\t\t<div class=\"elementor-element elementor-element-149e838 e-flex e-con-boxed e-con e-parent\" data-id=\"149e838\" data-element_type=\"container\" data-e-type=\"container\" data-settings=\"{&quot;background_background&quot;:&quot;classic&quot;}\">\n\t\t\t\t\t<div class=\"e-con-inner\">\n\t\t\t\t<div class=\"elementor-element elementor-element-c4298b0 elementor-widget elementor-widget-heading\" data-id=\"c4298b0\" data-element_type=\"widget\" data-e-type=\"widget\" data-widget_type=\"heading.default\">\n\t\t\t\t\t<h4 class=\"elementor-heading-title elementor-size-default\">Referanslar\u0131m\u0131z<\/h4>\t\t\t\t<\/div>\n\t\t<div class=\"elementor-element elementor-element-909003e e-con-full logo-box e-flex e-con e-child\" data-id=\"909003e\" data-element_type=\"container\" data-e-type=\"container\">\n\t\t<div class=\"elementor-element elementor-element-ce9b82a e-flex e-con-boxed e-con e-child\" data-id=\"ce9b82a\" data-element_type=\"container\" data-e-type=\"container\">\n\t\t\t\t\t<div class=\"e-con-inner\">\n\t\t<div class=\"elementor-element elementor-element-7207108 e-con-full logo-box e-flex e-con e-child\" data-id=\"7207108\" data-element_type=\"container\" data-e-type=\"container\">\n\t\t\t\t<\/div>\n\t\t<div class=\"elementor-element elementor-element-4216a70 e-con-full e-flex e-con e-child\" data-id=\"4216a70\" data-element_type=\"container\" data-e-type=\"container\">\n\t\t\t\t<\/div>\n\t\t<div class=\"elementor-element elementor-element-f88fc93 e-con-full e-flex e-con e-child\" data-id=\"f88fc93\" data-element_type=\"container\" data-e-type=\"container\">\n\t\t\t\t<\/div>\n\t\t\t\t\t<\/div>\n\t\t\t\t<\/div>\n\t\t<div class=\"elementor-element elementor-element-580f7d3 e-flex e-con-boxed e-con e-child\" data-id=\"580f7d3\" data-element_type=\"container\" data-e-type=\"container\">\n\t\t\t\t\t<div class=\"e-con-inner\">\n\t\t<div class=\"elementor-element elementor-element-91d9f09 e-con-full e-flex e-con e-child\" data-id=\"91d9f09\" data-element_type=\"container\" data-e-type=\"container\">\n\t\t\t\t<\/div>\n\t\t<div class=\"elementor-element elementor-element-b82c6e8 e-con-full e-flex e-con e-child\" data-id=\"b82c6e8\" data-element_type=\"container\" data-e-type=\"container\">\n\t\t\t\t<\/div>\n\t\t<div class=\"elementor-element elementor-element-0660c3c e-con-full e-flex e-con e-child\" data-id=\"0660c3c\" data-element_type=\"container\" data-e-type=\"container\">\n\t\t\t\t<\/div>\n\t\t\t\t\t<\/div>\n\t\t\t\t<\/div>\n\t\t\t\t<\/div>\n\t\t\t\t\t<\/div>\n\t\t\t\t<\/div>\n\t\t<div class=\"elementor-element elementor-element-16c692e e-flex e-con-boxed e-con e-parent\" data-id=\"16c692e\" data-element_type=\"container\" data-e-type=\"container\" data-settings=\"{&quot;background_background&quot;:&quot;classic&quot;}\">\n\t\t\t\t\t<div class=\"e-con-inner\">\n\t\t\t\t<div class=\"elementor-element elementor-element-fe050f3 elementor-widget elementor-widget-heading\" data-id=\"fe050f3\" data-element_type=\"widget\" data-e-type=\"widget\" data-widget_type=\"heading.default\">\n\t\t\t\t\t<h3 class=\"elementor-heading-title elementor-size-default\">Hizmetlerimiz<\/h3>\t\t\t\t<\/div>\n\t\t\t\t<div class=\"elementor-element elementor-element-e243254 elementor-widget elementor-widget-text-editor\" data-id=\"e243254\" data-element_type=\"widget\" data-e-type=\"widget\" data-widget_type=\"text-editor.default\">\n\t\t\t\t\t\t\t\t\tLorem ipsum dolor sit amet consectetuer adipiscing elitenean commodo\nligula eget dolorenean massa.\t\t\t\t\t\t\t\t<\/div>\n\t\t\t\t<div class=\"elementor-element elementor-element-546b454 elementor-widget elementor-widget-services-post\" data-id=\"546b454\" data-element_type=\"widget\" data-e-type=\"widget\" data-widget_type=\"services-post.default\">\n\t\t\t\t<div class=\"elementor-widget-container\">\n\t\t\t\t\t<div class=\"about-us-section-start \"><div class=\"row\">                    <div class=\"col-lg-4 col-md-4 col-sm-12\">\r\n                        <div class=\"about-us-content\" data-aos=\"fade-up\"\r\n                            data-aos-anchor-placement=\"bottom-bottom\">\r\n                            <div class=\"icons-rounded-box\">\r\n                                <figure class=\"mb-0\">\r\n                                    <img decoding=\"async\" src=\"https:\/\/designingmedia.com\/redlight\/wp-content\/uploads\/2023\/12\/about-section2-icon1.png\" alt=\"\" class=\"img-fluid\">\r\n                                <\/figure>\r\n                            <\/div>\r\n                            <h4>Threat Intelligence<\/h4>\r\n                                                        <p class=\"security-services-p\">Integer tincidunt Cras dapibus bivamus ele mentum semper nisienean vulputate eleife nd tellusenean<\/p>\r\n                                                            <a href=\"https:\/\/artialti.com.tr\/services-post\/threat-intelligence\/\"\r\n                                    class=\"text-decoration-none \">Learn More <span class=\"forword-arrow\"><i\r\n                                            class=\"fa fa-angle-right\"><\/i><\/span><\/a>\r\n                                                        <\/div>\r\n                    <\/div>\r\n                                    <div class=\"col-lg-4 col-md-4 col-sm-12\">\r\n                        <div class=\"about-us-content\" data-aos=\"fade-up\"\r\n                            data-aos-anchor-placement=\"bottom-bottom\">\r\n                            <div class=\"icons-rounded-box\">\r\n                                <figure class=\"mb-0\">\r\n                                    <img decoding=\"async\" src=\"https:\/\/designingmedia.com\/redlight\/wp-content\/uploads\/2023\/12\/about-section2-icon2.png\" alt=\"\" class=\"img-fluid\">\r\n                                <\/figure>\r\n                            <\/div>\r\n                            <h4>Security Assessment<\/h4>\r\n                                                        <p class=\"security-services-p\">Integer tincidunt Cras dapibus bivamus ele mentum semper nisienean vulputate eleife nd tellusenean<\/p>\r\n                                                            <a href=\"https:\/\/artialti.com.tr\/services-post\/security-assessment\/\"\r\n                                    class=\"text-decoration-none \">Learn More <span class=\"forword-arrow\"><i\r\n                                            class=\"fa fa-angle-right\"><\/i><\/span><\/a>\r\n                                                        <\/div>\r\n                    <\/div>\r\n                                    <div class=\"col-lg-4 col-md-4 col-sm-12\">\r\n                        <div class=\"about-us-content\" data-aos=\"fade-up\"\r\n                            data-aos-anchor-placement=\"bottom-bottom\">\r\n                            <div class=\"icons-rounded-box\">\r\n                                <figure class=\"mb-0\">\r\n                                    <img decoding=\"async\" src=\"https:\/\/designingmedia.com\/redlight\/wp-content\/uploads\/2023\/12\/about-section2-icon3.png\" alt=\"\" class=\"img-fluid\">\r\n                                <\/figure>\r\n                            <\/div>\r\n                            <h4>Compromise Assessment<\/h4>\r\n                                                        <p class=\"security-services-p\">Integer tincidunt Cras dapibus bivamus ele mentum semper nisienean vulputate eleife nd tellusenean<\/p>\r\n                                                            <a href=\"https:\/\/artialti.com.tr\/services-post\/compromise-assessment\/\"\r\n                                    class=\"text-decoration-none \">Learn More <span class=\"forword-arrow\"><i\r\n                                            class=\"fa fa-angle-right\"><\/i><\/span><\/a>\r\n                                                        <\/div>\r\n                    <\/div>\r\n                                    <div class=\"col-lg-4 col-md-4 col-sm-12\">\r\n                        <div class=\"about-us-content\" data-aos=\"fade-up\"\r\n                            data-aos-anchor-placement=\"bottom-bottom\">\r\n                            <div class=\"icons-rounded-box\">\r\n                                <figure class=\"mb-0\">\r\n                                    <img decoding=\"async\" src=\"https:\/\/designingmedia.com\/redlight\/wp-content\/uploads\/2023\/12\/about-section2-icon4.png\" alt=\"\" class=\"img-fluid\">\r\n                                <\/figure>\r\n                            <\/div>\r\n                            <h4>Incident Response<\/h4>\r\n                                                        <p class=\"security-services-p\">Integer tincidunt Cras dapibus bivamus ele mentum semper nisienean vulputate eleife nd tellusenean<\/p>\r\n                                                            <a href=\"https:\/\/artialti.com.tr\/services-post\/incident-response\/\"\r\n                                    class=\"text-decoration-none \">Learn More <span class=\"forword-arrow\"><i\r\n                                            class=\"fa fa-angle-right\"><\/i><\/span><\/a>\r\n                                                        <\/div>\r\n                    <\/div>\r\n                                    <div class=\"col-lg-4 col-md-4 col-sm-12\">\r\n                        <div class=\"about-us-content\" data-aos=\"fade-up\"\r\n                            data-aos-anchor-placement=\"bottom-bottom\">\r\n                            <div class=\"icons-rounded-box\">\r\n                                <figure class=\"mb-0\">\r\n                                    <img decoding=\"async\" src=\"https:\/\/designingmedia.com\/redlight\/wp-content\/uploads\/2023\/12\/about-section2-icon6.png\" alt=\"\" class=\"img-fluid\">\r\n                                <\/figure>\r\n                            <\/div>\r\n                            <h4>CLoud Security<\/h4>\r\n                                                        <p class=\"security-services-p\">Integer tincidunt Cras dapibus bivamus ele mentum semper nisienean vulputate eleife nd tellusenean<\/p>\r\n                                                            <a href=\"https:\/\/artialti.com.tr\/services-post\/cloud-security\/\"\r\n                                    class=\"text-decoration-none \">Learn More <span class=\"forword-arrow\"><i\r\n                                            class=\"fa fa-angle-right\"><\/i><\/span><\/a>\r\n                                                        <\/div>\r\n                    <\/div>\r\n                                    <div class=\"col-lg-4 col-md-4 col-sm-12\">\r\n                        <div class=\"about-us-content\" data-aos=\"fade-up\"\r\n                            data-aos-anchor-placement=\"bottom-bottom\">\r\n                            <div class=\"icons-rounded-box\">\r\n                                <figure class=\"mb-0\">\r\n                                    <img decoding=\"async\" src=\"https:\/\/designingmedia.com\/redlight\/wp-content\/uploads\/2023\/12\/about-round-icon1.png\" alt=\"\" class=\"img-fluid\">\r\n                                <\/figure>\r\n                            <\/div>\r\n                            <h4>Security Training<\/h4>\r\n                                                        <p class=\"security-services-p\">Integer tincidunt Cras dapibus bivamus ele mentum semper nisienean vulputate eleife nd tellusenean<\/p>\r\n                                                            <a href=\"https:\/\/artialti.com.tr\/services-post\/security-training\/\"\r\n                                    class=\"text-decoration-none \">Learn More <span class=\"forword-arrow\"><i\r\n                                            class=\"fa fa-angle-right\"><\/i><\/span><\/a>\r\n                                                        <\/div>\r\n                    <\/div>\r\n                <\/div><\/div>\t\t\t\t<\/div>\n\t\t\t\t<\/div>\n\t\t\t\t\t<\/div>\n\t\t\t\t<\/div>\n\t\t\t\t<\/div>\n\t\t","protected":false},"excerpt":{"rendered":"<p>G\u00fcvenlik \u00c7\u00f6z\u00fcmleri Kritik Tesisler i\u00e7in Lorem ipsum dolor sit amet consectetur adipiscing elit sed do eiusm tempor incididunt ut labore et dolore magna aliqua. Hizmetlerimiz Facebook-f Twitter Linkedin-in Pinterest-p VIRTUAL EVENTS Cum sociis natoque penatibus et magnisd is parturient montes nasc. December 18, 2023 NEW REPORT Cum sociis natoque penatibus et magnisd is parturient montes [&hellip;]<\/p>\n","protected":false},"author":1,"featured_media":0,"parent":0,"menu_order":0,"comment_status":"closed","ping_status":"closed","template":"elementor_header_footer","meta":{"footnotes":""},"class_list":["post-2341","page","type-page","status-publish","hentry"],"_links":{"self":[{"href":"https:\/\/artialti.com.tr\/wp-json\/wp\/v2\/pages\/2341","targetHints":{"allow":["GET"]}}],"collection":[{"href":"https:\/\/artialti.com.tr\/wp-json\/wp\/v2\/pages"}],"about":[{"href":"https:\/\/artialti.com.tr\/wp-json\/wp\/v2\/types\/page"}],"author":[{"embeddable":true,"href":"https:\/\/artialti.com.tr\/wp-json\/wp\/v2\/users\/1"}],"replies":[{"embeddable":true,"href":"https:\/\/artialti.com.tr\/wp-json\/wp\/v2\/comments?post=2341"}],"version-history":[{"count":10,"href":"https:\/\/artialti.com.tr\/wp-json\/wp\/v2\/pages\/2341\/revisions"}],"predecessor-version":[{"id":2391,"href":"https:\/\/artialti.com.tr\/wp-json\/wp\/v2\/pages\/2341\/revisions\/2391"}],"wp:attachment":[{"href":"https:\/\/artialti.com.tr\/wp-json\/wp\/v2\/media?parent=2341"}],"curies":[{"name":"wp","href":"https:\/\/api.w.org\/{rel}","templated":true}]}}